{"id":3,"date":"2025-07-19T21:19:06","date_gmt":"2025-07-19T21:19:06","guid":{"rendered":"https:\/\/alvea.com.mx\/?page_id=3"},"modified":"2025-09-10T23:27:14","modified_gmt":"2025-09-11T04:27:14","slug":"privacy-policy","status":"publish","type":"page","link":"https:\/\/alvea.com.mx\/en\/privacy-policy\/","title":{"rendered":"Aviso de Privacidad"},"content":{"rendered":"<div class=\"fusion-fullwidth fullwidth-box fusion-builder-row-1 fusion-flex-container nonhundred-percent-fullwidth non-hundred-percent-height-scrolling\" style=\"--awb-border-radius-top-left:0px;--awb-border-radius-top-right:0px;--awb-border-radius-bottom-right:0px;--awb-border-radius-bottom-left:0px;--awb-flex-wrap:wrap;\" ><div class=\"fusion-builder-row fusion-row fusion-flex-align-items-flex-start fusion-flex-content-wrap\" style=\"max-width:1185.6px;margin-left: calc(-4% \/ 2 );margin-right: calc(-4% \/ 2 );\"><div class=\"fusion-layout-column fusion_builder_column fusion-builder-column-0 fusion_builder_column_1_1 1_1 fusion-flex-column\" style=\"--awb-bg-size:cover;--awb-width-large:100%;--awb-margin-top-large:0px;--awb-spacing-right-large:1.92%;--awb-margin-bottom-large:0px;--awb-spacing-left-large:1.92%;--awb-width-medium:100%;--awb-spacing-right-medium:1.92%;--awb-spacing-left-medium:1.92%;--awb-width-small:100%;--awb-spacing-right-small:1.92%;--awb-spacing-left-small:1.92%;\"><div class=\"fusion-column-wrapper fusion-flex-justify-content-flex-start fusion-content-layout-column\"><div class=\"fusion-text fusion-text-1\"><h3><strong>AVISO DE PRIVACIDAD INTEGRAL<\/strong><\/h3>\n<ol>\n<li>En cumplimiento de lo dispuesto por la Ley Federal de Protecci\u00f3n de Datos Personales en Posesi\u00f3n de los Particulares y su Reglamento (conjuntamente, la \u201cLey\u201d), ponemos a su disposici\u00f3n el presente Aviso de Privacidad Integral (el \u201cAviso\u201d), a fin de informarle sobre los t\u00e9rminos y condiciones aplicables al tratamiento de sus datos personales.&nbsp;<\/li>\n<li><strong> Identidad y domicilio.<\/strong> El Responsable del tratamiento de sus datos personales es LEGAL &amp; DIGITAL MKT SOLUTIONS FOR BUSINESS, S.C., en lo sucesivo \u201cALVEA\u201d, con domicilio en Avenida Diagonal 80, col\u00f2nia Ejidal, Playa del Carmen, Quintana Roo, C.P. 77712, sitio web: www.alvea.com.mx.&nbsp;<\/li>\n<li><strong> Datos personales recabados.<\/strong> Para la prestaci\u00f3n de nuestros servicios jur\u00eddicos y de consultor\u00eda, podremos recabar las siguientes categor\u00edas de datos personales: &#8211;<br \/><em>&#8211; Identificaci\u00f3n: nombre, estado civil, firma, CURP, RFC, fecha y lugar de nacimiento, nacionalidad, edad, fotograf\u00eda. &#8211; Contacto: domicilio, correo electr\u00f3nico, tel\u00e9fono fijo y\/o celular. &#8211; Laborales: puesto, trayectoria, referencias, historial profesional. &#8211; Acad\u00e9micos: trayectoria educativa, t\u00edtulos, c\u00e9dulas profesionales, certificados. &#8211; Patrimoniales y financieros: bienes muebles e inmuebles, informaci\u00f3n fiscal, historial crediticio, cuentas bancarias, seguros, ingresos y egresos, fianzas, afores. &#8211; Datos sensibles (cuando sea necesario): informaci\u00f3n sobre procedimientos judiciales, datos patrimoniales vinculados a litigios, datos de salud en casos espec\u00edficos relacionados con sucesiones o tutela. <\/em>Asimismo, podr\u00e1n recabarse datos de familiares, dependientes econ\u00f3micos, beneficiarios o representantes legales, cuando resulte indispensable para la prestaci\u00f3n del servicio contratado.\n<\/li>\n<li><strong> Finalidades del tratamiento.<\/strong> Los datos personales ser\u00e1n tratados para las siguientes finalidades primarias: Proveer servicios de asesor\u00eda, representaci\u00f3n y consultor\u00eda legal. Elaborar, revisar y resguardar documentos jur\u00eddicos solicitados.<br \/>Realizar gestiones y tr\u00e1mites ante autoridades judiciales, administrativas, notariales y fiscales. Dar cumplimiento a obligaciones contractuales y legales aplicables. Integrar, administrar y actualizar expedientes f\u00edsicos y electr\u00f3nicos de clientes.<br \/>Emitir facturaci\u00f3n y comprobantes fiscales digitales (CFDI).\n<\/li>\n<li><strong>Finalidades secundarias, sujetas a su consentimiento expreso:<\/strong> Env\u00edo de boletines jur\u00eddicos, actualizaciones normativas y material informativo.&nbsp; Invitaci\u00f3n a cursos, seminarios o eventos organizados por ALVEA.&nbsp;\n<\/li>\n<li><strong>Conservaci\u00f3n, bloqueo y supresi\u00f3n de datos<\/strong>. Sus datos personales se conservar\u00e1n \u00fanicamente por el tiempo necesario para cumplir con las finalidades previstas y las obligaciones legales correspondientes. Concluido dicho plazo, los datos ser\u00e1n bloqueados y posteriormente suprimidos o eliminados de manera segura.&nbsp;\n<\/li>\n<li><strong> Transferencias de datos personales. <\/strong>ALVEA podr\u00e1 realizar transferencias de sus datos personales a:<br \/>Autoridades judiciales, administrativas y fiscales, en cumplimiento de mandatos legales. Notar\u00edas p\u00fablicas, registros p\u00fablicos de la propiedad y comercio, y dependencias gubernamentales, cuando as\u00ed se requiera para la formalizaci\u00f3n de actos jur\u00eddicos.<br \/>Encargados o proveedores de servicios que act\u00faen a nombre de ALVEA, bajo estricta obligaci\u00f3n de confidencialidad.Fuera de estos supuestos, ALVEA no compartir\u00e1 ni transferir\u00e1 sus datos sin su consentimiento expreso.<\/li>\n<li><strong>Confidencialidad.<\/strong> Todos los colaboradores, socios, abogados, empleados y terceros relacionados con ALVEA est\u00e1n obligados a guardar confidencialidad respecto al tratamiento de los datos personales, incluso despu\u00e9s de concluida la relaci\u00f3n jur\u00eddica con el cliente.<\/li>\n<li><strong> Derechos ARCO y revocaci\u00f3n del consentimiento.<\/strong> Usted tiene derecho de Acceder, Rectificar, Cancelar u Oponerse (ARCO) al tratamiento de sus datos personales, as\u00ed como a revocar el consentimiento previamente otorgado. Para ejercer estos derechos, deber\u00e1 enviar una solicitud por escrito al correo electr\u00f3nico: info@alvea.com.mx, indicando:<br \/>Nombre y domicilio u otro medio para comunicar la respuesta. Copia de identificaci\u00f3n oficial vigente. Descripci\u00f3n clara de los datos personales respecto de los que busca ejercer derechos ARCO. Documentaci\u00f3n que sustente la solicitud, en su caso. El plazo de respuesta ser\u00e1 de 20 d\u00edas h\u00e1biles, contados a partir de la recepci\u00f3n de la solicitud.<\/li>\n<li><strong> Autoridad competente<\/strong> En caso de considerar que su derecho a la protecci\u00f3n de datos personales ha sido vulnerado, podr\u00e1 acudir a la Secretar\u00eda Anticorrupci\u00f3n y Buen Gobierno (a trav\u00e9s del organismo \u201cTransparencia para el Pueblo\u201d), autoridad competente en la materia conforme a las \u00faltimas reformas legales.&nbsp;<\/li>\n<li><strong>Modificaciones al Aviso de Privacidad. <\/strong>ALVEA se reserva el derecho de actualizar o modificar este Aviso en cualquier momento, derivado de cambios legislativos, pol\u00edticas internas o nuevas disposiciones. Dichas modificaciones estar\u00e1n disponibles en nuestro sitio web o se comunicar\u00e1n al correo electr\u00f3nico proporcionado.<\/li>\n<\/ol>\n<\/div><\/div><\/div><\/div><\/div>","protected":false},"excerpt":{"rendered":"","protected":false},"author":1,"featured_media":0,"parent":0,"menu_order":0,"comment_status":"closed","ping_status":"open","template":"","meta":{"footnotes":""},"class_list":["post-3","page","type-page","status-publish","hentry"],"_links":{"self":[{"href":"https:\/\/alvea.com.mx\/en\/wp-json\/wp\/v2\/pages\/3","targetHints":{"allow":["GET"]}}],"collection":[{"href":"https:\/\/alvea.com.mx\/en\/wp-json\/wp\/v2\/pages"}],"about":[{"href":"https:\/\/alvea.com.mx\/en\/wp-json\/wp\/v2\/types\/page"}],"author":[{"embeddable":true,"href":"https:\/\/alvea.com.mx\/en\/wp-json\/wp\/v2\/users\/1"}],"replies":[{"embeddable":true,"href":"https:\/\/alvea.com.mx\/en\/wp-json\/wp\/v2\/comments?post=3"}],"version-history":[{"count":2,"href":"https:\/\/alvea.com.mx\/en\/wp-json\/wp\/v2\/pages\/3\/revisions"}],"predecessor-version":[{"id":2092,"href":"https:\/\/alvea.com.mx\/en\/wp-json\/wp\/v2\/pages\/3\/revisions\/2092"}],"wp:attachment":[{"href":"https:\/\/alvea.com.mx\/en\/wp-json\/wp\/v2\/media?parent=3"}],"curies":[{"name":"wp","href":"https:\/\/api.w.org\/{rel}","templated":true}]}}